{"id":29183,"date":"2026-02-01T14:43:19","date_gmt":"2026-02-01T14:43:19","guid":{"rendered":"https:\/\/platformlastik.com\/?product=haulotte-36x14-20-siyah-kaucuk-eklemli-platform-tekerlekleri-tekerlegi-sol"},"modified":"2026-03-03T16:39:49","modified_gmt":"2026-03-03T16:39:49","slug":"haulotte-36x14-20-siyah-kaucuk-eklemli-platform-tekerlekleri-tekerlegi-sol","status":"publish","type":"product","link":"https:\/\/platformlastik.com\/?product=haulotte-36x14-20-siyah-kaucuk-eklemli-platform-tekerlekleri-tekerlegi-sol","title":{"rendered":"Haulotte 36&#215;14-20 Siyah Kau\u00e7uk Eklemli Platform Tekerlekleri Tekerle\u011fi Sol"},"content":{"rendered":"","protected":false},"excerpt":{"rendered":"<p>Haulotte 36&#215;14-20 siyah kau\u00e7uk tekerlek, b\u00fcy\u00fck ebatl\u0131 eklemli platformlar i\u00e7in g\u00fc\u00e7l\u00fc ta\u015f\u0131ma kapasitesi ve zorlu arazi ko\u015fullar\u0131nda \u00fcst\u00fcn performans sa\u011flar.<\/p>\n","protected":false},"featured_media":29301,"comment_status":"open","ping_status":"closed","template":"","meta":[],"product_brand":[78],"product_cat":[110,121,92,88],"product_tag":[],"class_list":{"0":"post-29183","1":"product","2":"type-product","3":"status-publish","4":"has-post-thumbnail","6":"product_brand-haulotte","7":"product_cat-36x14-20","8":"product_cat-dizel-eklemli-platform-tekerlegi","9":"product_cat-kaucuk-dolgu-tekerlekler","10":"product_cat-siyah","12":"first","13":"onbackorder","14":"sale","15":"taxable","16":"shipping-taxable","17":"purchasable","18":"product-type-simple"},"_links":{"self":[{"href":"https:\/\/platformlastik.com\/index.php?rest_route=\/wp\/v2\/product\/29183","targetHints":{"allow":["GET"]}}],"collection":[{"href":"https:\/\/platformlastik.com\/index.php?rest_route=\/wp\/v2\/product"}],"about":[{"href":"https:\/\/platformlastik.com\/index.php?rest_route=\/wp\/v2\/types\/product"}],"replies":[{"embeddable":true,"href":"https:\/\/platformlastik.com\/index.php?rest_route=%2Fwp%2Fv2%2Fcomments&post=29183"}],"version-history":[{"count":2,"href":"https:\/\/platformlastik.com\/index.php?rest_route=\/wp\/v2\/product\/29183\/revisions"}],"predecessor-version":[{"id":29300,"href":"https:\/\/platformlastik.com\/index.php?rest_route=\/wp\/v2\/product\/29183\/revisions\/29300"}],"wp:featuredmedia":[{"embeddable":true,"href":"https:\/\/platformlastik.com\/index.php?rest_route=\/wp\/v2\/media\/29301"}],"wp:attachment":[{"href":"https:\/\/platformlastik.com\/index.php?rest_route=%2Fwp%2Fv2%2Fmedia&parent=29183"}],"wp:term":[{"taxonomy":"product_brand","embeddable":true,"href":"https:\/\/platformlastik.com\/index.php?rest_route=%2Fwp%2Fv2%2Fproduct_brand&post=29183"},{"taxonomy":"product_cat","embeddable":true,"href":"https:\/\/platformlastik.com\/index.php?rest_route=%2Fwp%2Fv2%2Fproduct_cat&post=29183"},{"taxonomy":"product_tag","embeddable":true,"href":"https:\/\/platformlastik.com\/index.php?rest_route=%2Fwp%2Fv2%2Fproduct_tag&post=29183"}],"curies":[{"name":"wp","href":"https:\/\/api.w.org\/{rel}","templated":true}]}}