{"id":29178,"date":"2026-02-01T14:43:18","date_gmt":"2026-02-01T14:43:18","guid":{"rendered":"https:\/\/platformlastik.com\/?product=dingli-33x12-20-siyah-kaucuk-makasli-platform-tekerlekleri-tekerlegi"},"modified":"2026-03-03T16:41:04","modified_gmt":"2026-03-03T16:41:04","slug":"dingli-33x12-20-siyah-kaucuk-makasli-platform-tekerlekleri-tekerlegi","status":"publish","type":"product","link":"https:\/\/platformlastik.com\/?product=dingli-33x12-20-siyah-kaucuk-makasli-platform-tekerlekleri-tekerlegi","title":{"rendered":"Dingli 33&#215;12-20 Siyah Kau\u00e7uk Makasl\u0131 Platform Tekerlekleri Tekerle\u011fi"},"content":{"rendered":"","protected":false},"excerpt":{"rendered":"<p>Dingli 33&#215;12-20 siyah kau\u00e7uk makasl\u0131 platform tekerle\u011fi, g\u00fc\u00e7l\u00fc yanak yap\u0131s\u0131, \u00fcst\u00fcn zemin tutu\u015fu ve uzun \u00f6m\u00fcrl\u00fc performans\u0131yla a\u011f\u0131r hizmetlere uygundur.<\/p>\n","protected":false},"featured_media":0,"comment_status":"open","ping_status":"closed","template":"","meta":[],"product_brand":[75],"product_cat":[98,120,92,88],"product_tag":[],"class_list":{"0":"post-29178","1":"product","2":"type-product","3":"status-publish","5":"product_brand-dingli","6":"product_cat-33x12-20","7":"product_cat-dizel-makasli-platform-tekerlegi","8":"product_cat-kaucuk-dolgu-tekerlekler","9":"product_cat-siyah","11":"first","12":"onbackorder","13":"sale","14":"taxable","15":"shipping-taxable","16":"purchasable","17":"product-type-simple"},"_links":{"self":[{"href":"https:\/\/platformlastik.com\/index.php?rest_route=\/wp\/v2\/product\/29178","targetHints":{"allow":["GET"]}}],"collection":[{"href":"https:\/\/platformlastik.com\/index.php?rest_route=\/wp\/v2\/product"}],"about":[{"href":"https:\/\/platformlastik.com\/index.php?rest_route=\/wp\/v2\/types\/product"}],"replies":[{"embeddable":true,"href":"https:\/\/platformlastik.com\/index.php?rest_route=%2Fwp%2Fv2%2Fcomments&post=29178"}],"version-history":[{"count":1,"href":"https:\/\/platformlastik.com\/index.php?rest_route=\/wp\/v2\/product\/29178\/revisions"}],"predecessor-version":[{"id":29234,"href":"https:\/\/platformlastik.com\/index.php?rest_route=\/wp\/v2\/product\/29178\/revisions\/29234"}],"wp:attachment":[{"href":"https:\/\/platformlastik.com\/index.php?rest_route=%2Fwp%2Fv2%2Fmedia&parent=29178"}],"wp:term":[{"taxonomy":"product_brand","embeddable":true,"href":"https:\/\/platformlastik.com\/index.php?rest_route=%2Fwp%2Fv2%2Fproduct_brand&post=29178"},{"taxonomy":"product_cat","embeddable":true,"href":"https:\/\/platformlastik.com\/index.php?rest_route=%2Fwp%2Fv2%2Fproduct_cat&post=29178"},{"taxonomy":"product_tag","embeddable":true,"href":"https:\/\/platformlastik.com\/index.php?rest_route=%2Fwp%2Fv2%2Fproduct_tag&post=29178"}],"curies":[{"name":"wp","href":"https:\/\/api.w.org\/{rel}","templated":true}]}}