{"id":29168,"date":"2026-02-01T14:43:15","date_gmt":"2026-02-01T14:43:15","guid":{"rendered":"https:\/\/platformlastik.com\/?product=dingli-323x100-iz-birakmayan-gri-kaucuk-makasli-platform-tekerlekleri-tekerlegi"},"modified":"2026-03-03T16:43:05","modified_gmt":"2026-03-03T16:43:05","slug":"dingli-323x100-iz-birakmayan-gri-kaucuk-makasli-platform-tekerlekleri-tekerlegi","status":"publish","type":"product","link":"https:\/\/platformlastik.com\/?product=dingli-323x100-iz-birakmayan-gri-kaucuk-makasli-platform-tekerlekleri-tekerlegi","title":{"rendered":"Dingli 323&#215;100 \u0130z B\u0131rakmayan Gri Kau\u00e7uk Makasl\u0131 Platform Tekerlekleri Tekerle\u011fi"},"content":{"rendered":"","protected":false},"excerpt":{"rendered":"<p>Dingli 323&#215;100 iz b\u0131rakmayan gri kau\u00e7uk makasl\u0131 platform tekerle\u011fi, dengeli s\u00fcr\u00fc\u015f, y\u00fcksek a\u015f\u0131nma direnci ve end\u00fcstriyel zeminlerde g\u00fcvenli kullan\u0131m sa\u011flar.<\/p>\n","protected":false},"featured_media":29373,"comment_status":"open","ping_status":"closed","template":"","meta":[],"product_brand":[75],"product_cat":[109,119,90,92],"product_tag":[],"class_list":{"0":"post-29168","1":"product","2":"type-product","3":"status-publish","4":"has-post-thumbnail","6":"product_brand-dingli","7":"product_cat-323x100","8":"product_cat-akulu-makasli-platform-tekerlekleri","9":"product_cat-gri","10":"product_cat-kaucuk-dolgu-tekerlekler","12":"first","13":"onbackorder","14":"sale","15":"taxable","16":"shipping-taxable","17":"purchasable","18":"product-type-simple"},"_links":{"self":[{"href":"https:\/\/platformlastik.com\/index.php?rest_route=\/wp\/v2\/product\/29168","targetHints":{"allow":["GET"]}}],"collection":[{"href":"https:\/\/platformlastik.com\/index.php?rest_route=\/wp\/v2\/product"}],"about":[{"href":"https:\/\/platformlastik.com\/index.php?rest_route=\/wp\/v2\/types\/product"}],"replies":[{"embeddable":true,"href":"https:\/\/platformlastik.com\/index.php?rest_route=%2Fwp%2Fv2%2Fcomments&post=29168"}],"version-history":[{"count":1,"href":"https:\/\/platformlastik.com\/index.php?rest_route=\/wp\/v2\/product\/29168\/revisions"}],"predecessor-version":[{"id":29224,"href":"https:\/\/platformlastik.com\/index.php?rest_route=\/wp\/v2\/product\/29168\/revisions\/29224"}],"wp:featuredmedia":[{"embeddable":true,"href":"https:\/\/platformlastik.com\/index.php?rest_route=\/wp\/v2\/media\/29373"}],"wp:attachment":[{"href":"https:\/\/platformlastik.com\/index.php?rest_route=%2Fwp%2Fv2%2Fmedia&parent=29168"}],"wp:term":[{"taxonomy":"product_brand","embeddable":true,"href":"https:\/\/platformlastik.com\/index.php?rest_route=%2Fwp%2Fv2%2Fproduct_brand&post=29168"},{"taxonomy":"product_cat","embeddable":true,"href":"https:\/\/platformlastik.com\/index.php?rest_route=%2Fwp%2Fv2%2Fproduct_cat&post=29168"},{"taxonomy":"product_tag","embeddable":true,"href":"https:\/\/platformlastik.com\/index.php?rest_route=%2Fwp%2Fv2%2Fproduct_tag&post=29168"}],"curies":[{"name":"wp","href":"https:\/\/api.w.org\/{rel}","templated":true}]}}