{"id":29167,"date":"2026-02-01T14:43:15","date_gmt":"2026-02-01T14:43:15","guid":{"rendered":"https:\/\/platformlastik.com\/?product=haulotte-600x190-iz-birakmayan-gri-kaucuk-eklemli-platform-tekerlekleri-tekerlegi"},"modified":"2026-03-03T16:43:21","modified_gmt":"2026-03-03T16:43:21","slug":"haulotte-600x190-iz-birakmayan-gri-kaucuk-eklemli-platform-tekerlekleri-tekerlegi","status":"publish","type":"product","link":"https:\/\/platformlastik.com\/?product=haulotte-600x190-iz-birakmayan-gri-kaucuk-eklemli-platform-tekerlekleri-tekerlegi","title":{"rendered":"Haulotte 600&#215;190 \u0130z B\u0131rakmayan Gri Kau\u00e7uk Eklemli Platform Tekerlekleri Tekerle\u011fi"},"content":{"rendered":"","protected":false},"excerpt":{"rendered":"<p>Haulotte 600&#215;190 iz b\u0131rakmayan gri kau\u00e7uk eklemli platform tekerle\u011fi, kapal\u0131 alanlarda zemin korumas\u0131, g\u00fc\u00e7l\u00fc \u00e7eki\u015f ve uzun \u00f6m\u00fcrl\u00fc kullan\u0131m sunar.<\/p>\n","protected":false},"featured_media":29378,"comment_status":"open","ping_status":"closed","template":"","meta":[],"product_brand":[78],"product_cat":[114,122,90,92],"product_tag":[],"class_list":{"0":"post-29167","1":"product","2":"type-product","3":"status-publish","4":"has-post-thumbnail","6":"product_brand-haulotte","7":"product_cat-600x190","8":"product_cat-akulu-eklemli-platform-tekerlegi","9":"product_cat-gri","10":"product_cat-kaucuk-dolgu-tekerlekler","12":"first","13":"onbackorder","14":"sale","15":"taxable","16":"shipping-taxable","17":"purchasable","18":"product-type-simple"},"_links":{"self":[{"href":"https:\/\/platformlastik.com\/index.php?rest_route=\/wp\/v2\/product\/29167","targetHints":{"allow":["GET"]}}],"collection":[{"href":"https:\/\/platformlastik.com\/index.php?rest_route=\/wp\/v2\/product"}],"about":[{"href":"https:\/\/platformlastik.com\/index.php?rest_route=\/wp\/v2\/types\/product"}],"replies":[{"embeddable":true,"href":"https:\/\/platformlastik.com\/index.php?rest_route=%2Fwp%2Fv2%2Fcomments&post=29167"}],"version-history":[{"count":2,"href":"https:\/\/platformlastik.com\/index.php?rest_route=\/wp\/v2\/product\/29167\/revisions"}],"predecessor-version":[{"id":29771,"href":"https:\/\/platformlastik.com\/index.php?rest_route=\/wp\/v2\/product\/29167\/revisions\/29771"}],"wp:featuredmedia":[{"embeddable":true,"href":"https:\/\/platformlastik.com\/index.php?rest_route=\/wp\/v2\/media\/29378"}],"wp:attachment":[{"href":"https:\/\/platformlastik.com\/index.php?rest_route=%2Fwp%2Fv2%2Fmedia&parent=29167"}],"wp:term":[{"taxonomy":"product_brand","embeddable":true,"href":"https:\/\/platformlastik.com\/index.php?rest_route=%2Fwp%2Fv2%2Fproduct_brand&post=29167"},{"taxonomy":"product_cat","embeddable":true,"href":"https:\/\/platformlastik.com\/index.php?rest_route=%2Fwp%2Fv2%2Fproduct_cat&post=29167"},{"taxonomy":"product_tag","embeddable":true,"href":"https:\/\/platformlastik.com\/index.php?rest_route=%2Fwp%2Fv2%2Fproduct_tag&post=29167"}],"curies":[{"name":"wp","href":"https:\/\/api.w.org\/{rel}","templated":true}]}}