{"id":29164,"date":"2026-02-01T14:43:06","date_gmt":"2026-02-01T14:43:06","guid":{"rendered":"https:\/\/platformlastik.com\/?product=sinoboom-15x5-iz-birakmayan-gri-kaucuk-makasli-platform-tekerlekleri-tekerlegi"},"modified":"2026-03-03T16:44:32","modified_gmt":"2026-03-03T16:44:32","slug":"sinoboom-15x5-iz-birakmayan-gri-kaucuk-makasli-platform-tekerlekleri-tekerlegi","status":"publish","type":"product","link":"https:\/\/platformlastik.com\/?product=sinoboom-15x5-iz-birakmayan-gri-kaucuk-makasli-platform-tekerlekleri-tekerlegi","title":{"rendered":"Sinoboom 15&#215;5 \u0130z B\u0131rakmayan Gri Kau\u00e7uk Makasl\u0131 Platform Tekerlekleri Tekerle\u011fi"},"content":{"rendered":"","protected":false},"excerpt":{"rendered":"<p>Sinoboom 15&#215;5 iz b\u0131rakmayan gri kau\u00e7uk makasl\u0131 platform tekerle\u011fi, yo\u011fun \u00e7al\u0131\u015fma \u015fartlar\u0131nda dengeli s\u00fcr\u00fc\u015f, zemin korumas\u0131 ve y\u00fcksek dayan\u0131kl\u0131l\u0131k sa\u011flar, uzun s\u00fcreli g\u00fcvenli kullan\u0131m sunar.<\/p>\n","protected":false},"featured_media":29393,"comment_status":"open","ping_status":"closed","template":"","meta":[],"product_brand":[84],"product_cat":[101,119,90,92],"product_tag":[],"class_list":{"0":"post-29164","1":"product","2":"type-product","3":"status-publish","4":"has-post-thumbnail","6":"product_brand-sinoboom","7":"product_cat-15x5","8":"product_cat-akulu-makasli-platform-tekerlekleri","9":"product_cat-gri","10":"product_cat-kaucuk-dolgu-tekerlekler","12":"first","13":"onbackorder","14":"sale","15":"taxable","16":"shipping-taxable","17":"purchasable","18":"product-type-simple"},"_links":{"self":[{"href":"https:\/\/platformlastik.com\/index.php?rest_route=\/wp\/v2\/product\/29164","targetHints":{"allow":["GET"]}}],"collection":[{"href":"https:\/\/platformlastik.com\/index.php?rest_route=\/wp\/v2\/product"}],"about":[{"href":"https:\/\/platformlastik.com\/index.php?rest_route=\/wp\/v2\/types\/product"}],"replies":[{"embeddable":true,"href":"https:\/\/platformlastik.com\/index.php?rest_route=%2Fwp%2Fv2%2Fcomments&post=29164"}],"version-history":[{"count":1,"href":"https:\/\/platformlastik.com\/index.php?rest_route=\/wp\/v2\/product\/29164\/revisions"}],"predecessor-version":[{"id":29220,"href":"https:\/\/platformlastik.com\/index.php?rest_route=\/wp\/v2\/product\/29164\/revisions\/29220"}],"wp:featuredmedia":[{"embeddable":true,"href":"https:\/\/platformlastik.com\/index.php?rest_route=\/wp\/v2\/media\/29393"}],"wp:attachment":[{"href":"https:\/\/platformlastik.com\/index.php?rest_route=%2Fwp%2Fv2%2Fmedia&parent=29164"}],"wp:term":[{"taxonomy":"product_brand","embeddable":true,"href":"https:\/\/platformlastik.com\/index.php?rest_route=%2Fwp%2Fv2%2Fproduct_brand&post=29164"},{"taxonomy":"product_cat","embeddable":true,"href":"https:\/\/platformlastik.com\/index.php?rest_route=%2Fwp%2Fv2%2Fproduct_cat&post=29164"},{"taxonomy":"product_tag","embeddable":true,"href":"https:\/\/platformlastik.com\/index.php?rest_route=%2Fwp%2Fv2%2Fproduct_tag&post=29164"}],"curies":[{"name":"wp","href":"https:\/\/api.w.org\/{rel}","templated":true}]}}