{"id":29163,"date":"2026-02-01T14:43:05","date_gmt":"2026-02-01T14:43:05","guid":{"rendered":"https:\/\/platformlastik.com\/?product=jlg-16x5-iz-birakmayan-gri-kaucuk-makasli-platform-tekerlekleri-tekerlegi"},"modified":"2026-03-03T16:44:46","modified_gmt":"2026-03-03T16:44:46","slug":"jlg-16x5-iz-birakmayan-gri-kaucuk-makasli-platform-tekerlekleri-tekerlegi","status":"publish","type":"product","link":"https:\/\/platformlastik.com\/?product=jlg-16x5-iz-birakmayan-gri-kaucuk-makasli-platform-tekerlekleri-tekerlegi","title":{"rendered":"Jlg 16&#215;5 \u0130z B\u0131rakmayan Gri Kau\u00e7uk Makasl\u0131 Platform Tekerlekleri Tekerle\u011fi"},"content":{"rendered":"","protected":false},"excerpt":{"rendered":"<p>JLG 16&#215;5 iz b\u0131rakmayan gri kau\u00e7uk makasl\u0131 platform tekerle\u011fi, y\u00fcksek stabilite, g\u00fc\u00e7l\u00fc \u00e7eki\u015f ve d\u00fc\u015f\u00fck a\u015f\u0131nma oran\u0131yla profesyonel kullan\u0131mlar i\u00e7in idealdir, uzun \u00f6m\u00fcrl\u00fc performans sunar.<\/p>\n","protected":false},"featured_media":29398,"comment_status":"open","ping_status":"closed","template":"","meta":[],"product_brand":[80],"product_cat":[102,119,90,92],"product_tag":[],"class_list":{"0":"post-29163","1":"product","2":"type-product","3":"status-publish","4":"has-post-thumbnail","6":"product_brand-jlg","7":"product_cat-16x5","8":"product_cat-akulu-makasli-platform-tekerlekleri","9":"product_cat-gri","10":"product_cat-kaucuk-dolgu-tekerlekler","12":"first","13":"onbackorder","14":"sale","15":"taxable","16":"shipping-taxable","17":"purchasable","18":"product-type-simple"},"_links":{"self":[{"href":"https:\/\/platformlastik.com\/index.php?rest_route=\/wp\/v2\/product\/29163","targetHints":{"allow":["GET"]}}],"collection":[{"href":"https:\/\/platformlastik.com\/index.php?rest_route=\/wp\/v2\/product"}],"about":[{"href":"https:\/\/platformlastik.com\/index.php?rest_route=\/wp\/v2\/types\/product"}],"replies":[{"embeddable":true,"href":"https:\/\/platformlastik.com\/index.php?rest_route=%2Fwp%2Fv2%2Fcomments&post=29163"}],"version-history":[{"count":1,"href":"https:\/\/platformlastik.com\/index.php?rest_route=\/wp\/v2\/product\/29163\/revisions"}],"predecessor-version":[{"id":29219,"href":"https:\/\/platformlastik.com\/index.php?rest_route=\/wp\/v2\/product\/29163\/revisions\/29219"}],"wp:featuredmedia":[{"embeddable":true,"href":"https:\/\/platformlastik.com\/index.php?rest_route=\/wp\/v2\/media\/29398"}],"wp:attachment":[{"href":"https:\/\/platformlastik.com\/index.php?rest_route=%2Fwp%2Fv2%2Fmedia&parent=29163"}],"wp:term":[{"taxonomy":"product_brand","embeddable":true,"href":"https:\/\/platformlastik.com\/index.php?rest_route=%2Fwp%2Fv2%2Fproduct_brand&post=29163"},{"taxonomy":"product_cat","embeddable":true,"href":"https:\/\/platformlastik.com\/index.php?rest_route=%2Fwp%2Fv2%2Fproduct_cat&post=29163"},{"taxonomy":"product_tag","embeddable":true,"href":"https:\/\/platformlastik.com\/index.php?rest_route=%2Fwp%2Fv2%2Fproduct_tag&post=29163"}],"curies":[{"name":"wp","href":"https:\/\/api.w.org\/{rel}","templated":true}]}}