{"id":29160,"date":"2026-02-01T14:43:03","date_gmt":"2026-02-01T14:43:03","guid":{"rendered":"https:\/\/platformlastik.com\/?product=holland-lift-410x175x323-siyah-kaucuk-makasli-platform-tekerlekleri-tekerlegi"},"modified":"2026-03-03T16:45:20","modified_gmt":"2026-03-03T16:45:20","slug":"holland-lift-410x175x323-siyah-kaucuk-makasli-platform-tekerlekleri-tekerlegi","status":"publish","type":"product","link":"https:\/\/platformlastik.com\/?product=holland-lift-410x175x323-siyah-kaucuk-makasli-platform-tekerlekleri-tekerlegi","title":{"rendered":"Holland Lift 410x175x323 Siyah Kau\u00e7uk Makasl\u0131 Platform Tekerlekleri Tekerle\u011fi"},"content":{"rendered":"","protected":false},"excerpt":{"rendered":"<p>Holland Lift 410x175x323 siyah kau\u00e7uk makasl\u0131 platform tekerle\u011fi, d\u0131\u015f saha ko\u015fullar\u0131nda y\u00fcksek dayan\u0131m, g\u00fc\u00e7l\u00fc zemin tutu\u015fu ve uzun \u00f6m\u00fcrl\u00fc \u00e7al\u0131\u015fma performans\u0131 sunar, a\u011f\u0131r hizmet s\u0131n\u0131f\u0131d\u0131r.<\/p>\n","protected":false},"featured_media":0,"comment_status":"open","ping_status":"closed","template":"","meta":[],"product_brand":[78],"product_cat":[112,120,92,88],"product_tag":[],"class_list":{"0":"post-29160","1":"product","2":"type-product","3":"status-publish","5":"product_brand-haulotte","6":"product_cat-410x175x323","7":"product_cat-dizel-makasli-platform-tekerlegi","8":"product_cat-kaucuk-dolgu-tekerlekler","9":"product_cat-siyah","11":"first","12":"onbackorder","13":"sale","14":"taxable","15":"shipping-taxable","16":"purchasable","17":"product-type-simple"},"_links":{"self":[{"href":"https:\/\/platformlastik.com\/index.php?rest_route=\/wp\/v2\/product\/29160","targetHints":{"allow":["GET"]}}],"collection":[{"href":"https:\/\/platformlastik.com\/index.php?rest_route=\/wp\/v2\/product"}],"about":[{"href":"https:\/\/platformlastik.com\/index.php?rest_route=\/wp\/v2\/types\/product"}],"replies":[{"embeddable":true,"href":"https:\/\/platformlastik.com\/index.php?rest_route=%2Fwp%2Fv2%2Fcomments&post=29160"}],"version-history":[{"count":1,"href":"https:\/\/platformlastik.com\/index.php?rest_route=\/wp\/v2\/product\/29160\/revisions"}],"predecessor-version":[{"id":29216,"href":"https:\/\/platformlastik.com\/index.php?rest_route=\/wp\/v2\/product\/29160\/revisions\/29216"}],"wp:attachment":[{"href":"https:\/\/platformlastik.com\/index.php?rest_route=%2Fwp%2Fv2%2Fmedia&parent=29160"}],"wp:term":[{"taxonomy":"product_brand","embeddable":true,"href":"https:\/\/platformlastik.com\/index.php?rest_route=%2Fwp%2Fv2%2Fproduct_brand&post=29160"},{"taxonomy":"product_cat","embeddable":true,"href":"https:\/\/platformlastik.com\/index.php?rest_route=%2Fwp%2Fv2%2Fproduct_cat&post=29160"},{"taxonomy":"product_tag","embeddable":true,"href":"https:\/\/platformlastik.com\/index.php?rest_route=%2Fwp%2Fv2%2Fproduct_tag&post=29160"}],"curies":[{"name":"wp","href":"https:\/\/api.w.org\/{rel}","templated":true}]}}