{"id":29159,"date":"2026-02-01T14:43:02","date_gmt":"2026-02-01T14:43:02","guid":{"rendered":"https:\/\/platformlastik.com\/?product=mantall-16x5-iz-birakmayan-gri-kaucuk-makasli-platform-tekerlekleri-tekerlegi"},"modified":"2026-03-03T16:45:34","modified_gmt":"2026-03-03T16:45:34","slug":"mantall-16x5-iz-birakmayan-gri-kaucuk-makasli-platform-tekerlekleri-tekerlegi","status":"publish","type":"product","link":"https:\/\/platformlastik.com\/?product=mantall-16x5-iz-birakmayan-gri-kaucuk-makasli-platform-tekerlekleri-tekerlegi","title":{"rendered":"Mantall 16&#215;5 \u0130z B\u0131rakmayan Gri Kau\u00e7uk Makasl\u0131 Platform Tekerlekleri Tekerle\u011fi"},"content":{"rendered":"","protected":false},"excerpt":{"rendered":"<p>Mantall 16&#215;5 iz b\u0131rakmayan gri kau\u00e7uk makasl\u0131 platform tekerle\u011fi, end\u00fcstriyel zeminlerde iz yapmadan dengeli, sessiz s\u00fcr\u00fc\u015f ve uzun s\u00fcreli dayan\u0131kl\u0131 kullan\u0131m sa\u011flar, g\u00fcvenli performans sunar.<\/p>\n","protected":false},"featured_media":29415,"comment_status":"open","ping_status":"closed","template":"","meta":[],"product_brand":[82],"product_cat":[102,119,90,92],"product_tag":[],"class_list":{"0":"post-29159","1":"product","2":"type-product","3":"status-publish","4":"has-post-thumbnail","6":"product_brand-mantall","7":"product_cat-16x5","8":"product_cat-akulu-makasli-platform-tekerlekleri","9":"product_cat-gri","10":"product_cat-kaucuk-dolgu-tekerlekler","12":"first","13":"onbackorder","14":"sale","15":"taxable","16":"shipping-taxable","17":"purchasable","18":"product-type-simple"},"_links":{"self":[{"href":"https:\/\/platformlastik.com\/index.php?rest_route=\/wp\/v2\/product\/29159","targetHints":{"allow":["GET"]}}],"collection":[{"href":"https:\/\/platformlastik.com\/index.php?rest_route=\/wp\/v2\/product"}],"about":[{"href":"https:\/\/platformlastik.com\/index.php?rest_route=\/wp\/v2\/types\/product"}],"replies":[{"embeddable":true,"href":"https:\/\/platformlastik.com\/index.php?rest_route=%2Fwp%2Fv2%2Fcomments&post=29159"}],"version-history":[{"count":1,"href":"https:\/\/platformlastik.com\/index.php?rest_route=\/wp\/v2\/product\/29159\/revisions"}],"predecessor-version":[{"id":29215,"href":"https:\/\/platformlastik.com\/index.php?rest_route=\/wp\/v2\/product\/29159\/revisions\/29215"}],"wp:featuredmedia":[{"embeddable":true,"href":"https:\/\/platformlastik.com\/index.php?rest_route=\/wp\/v2\/media\/29415"}],"wp:attachment":[{"href":"https:\/\/platformlastik.com\/index.php?rest_route=%2Fwp%2Fv2%2Fmedia&parent=29159"}],"wp:term":[{"taxonomy":"product_brand","embeddable":true,"href":"https:\/\/platformlastik.com\/index.php?rest_route=%2Fwp%2Fv2%2Fproduct_brand&post=29159"},{"taxonomy":"product_cat","embeddable":true,"href":"https:\/\/platformlastik.com\/index.php?rest_route=%2Fwp%2Fv2%2Fproduct_cat&post=29159"},{"taxonomy":"product_tag","embeddable":true,"href":"https:\/\/platformlastik.com\/index.php?rest_route=%2Fwp%2Fv2%2Fproduct_tag&post=29159"}],"curies":[{"name":"wp","href":"https:\/\/api.w.org\/{rel}","templated":true}]}}