{"id":29158,"date":"2026-02-01T14:43:01","date_gmt":"2026-02-01T14:43:01","guid":{"rendered":"https:\/\/platformlastik.com\/?product=dingli-33x12-20-siyah-kaucuk-makasli-platform-tekerlekleri-tekerlegi-sag"},"modified":"2026-03-03T16:46:03","modified_gmt":"2026-03-03T16:46:03","slug":"dingli-33x12-20-siyah-kaucuk-makasli-platform-tekerlekleri-tekerlegi-sag","status":"publish","type":"product","link":"https:\/\/platformlastik.com\/?product=dingli-33x12-20-siyah-kaucuk-makasli-platform-tekerlekleri-tekerlegi-sag","title":{"rendered":"Dingli 33&#215;12-20 Siyah Kau\u00e7uk Makasl\u0131 Platform Tekerlekleri Tekerle\u011fi Sa\u011f"},"content":{"rendered":"","protected":false},"excerpt":{"rendered":"<p>Dingli 33&#215;12-20 siyah kau\u00e7uk makasl\u0131 platform tekerle\u011fi, sa\u011f taraf uyumlu, a\u011f\u0131r y\u00fcklerde g\u00fc\u00e7l\u00fc \u00e7eki\u015f, y\u00fcksek ta\u015f\u0131ma kapasitesi ve zorlu sahalarda dayan\u0131kl\u0131 performans sunar, uzun \u00f6m\u00fcrl\u00fcd\u00fcr.<\/p>\n","protected":false},"featured_media":29424,"comment_status":"open","ping_status":"closed","template":"","meta":[],"product_brand":[75],"product_cat":[98,120,92,88],"product_tag":[],"class_list":{"0":"post-29158","1":"product","2":"type-product","3":"status-publish","4":"has-post-thumbnail","6":"product_brand-dingli","7":"product_cat-33x12-20","8":"product_cat-dizel-makasli-platform-tekerlegi","9":"product_cat-kaucuk-dolgu-tekerlekler","10":"product_cat-siyah","12":"first","13":"onbackorder","14":"sale","15":"taxable","16":"shipping-taxable","17":"purchasable","18":"product-type-simple"},"_links":{"self":[{"href":"https:\/\/platformlastik.com\/index.php?rest_route=\/wp\/v2\/product\/29158","targetHints":{"allow":["GET"]}}],"collection":[{"href":"https:\/\/platformlastik.com\/index.php?rest_route=\/wp\/v2\/product"}],"about":[{"href":"https:\/\/platformlastik.com\/index.php?rest_route=\/wp\/v2\/types\/product"}],"replies":[{"embeddable":true,"href":"https:\/\/platformlastik.com\/index.php?rest_route=%2Fwp%2Fv2%2Fcomments&post=29158"}],"version-history":[{"count":1,"href":"https:\/\/platformlastik.com\/index.php?rest_route=\/wp\/v2\/product\/29158\/revisions"}],"predecessor-version":[{"id":29214,"href":"https:\/\/platformlastik.com\/index.php?rest_route=\/wp\/v2\/product\/29158\/revisions\/29214"}],"wp:featuredmedia":[{"embeddable":true,"href":"https:\/\/platformlastik.com\/index.php?rest_route=\/wp\/v2\/media\/29424"}],"wp:attachment":[{"href":"https:\/\/platformlastik.com\/index.php?rest_route=%2Fwp%2Fv2%2Fmedia&parent=29158"}],"wp:term":[{"taxonomy":"product_brand","embeddable":true,"href":"https:\/\/platformlastik.com\/index.php?rest_route=%2Fwp%2Fv2%2Fproduct_brand&post=29158"},{"taxonomy":"product_cat","embeddable":true,"href":"https:\/\/platformlastik.com\/index.php?rest_route=%2Fwp%2Fv2%2Fproduct_cat&post=29158"},{"taxonomy":"product_tag","embeddable":true,"href":"https:\/\/platformlastik.com\/index.php?rest_route=%2Fwp%2Fv2%2Fproduct_tag&post=29158"}],"curies":[{"name":"wp","href":"https:\/\/api.w.org\/{rel}","templated":true}]}}