{"id":29150,"date":"2026-02-01T14:42:57","date_gmt":"2026-02-01T14:42:57","guid":{"rendered":"https:\/\/platformlastik.com\/?product=haulotte-36x14-20-siyah-kaucuk-eklemli-platform-tekerlekleri-tekerlegi-sag"},"modified":"2026-03-03T16:47:40","modified_gmt":"2026-03-03T16:47:40","slug":"haulotte-36x14-20-siyah-kaucuk-eklemli-platform-tekerlekleri-tekerlegi-sag","status":"publish","type":"product","link":"https:\/\/platformlastik.com\/?product=haulotte-36x14-20-siyah-kaucuk-eklemli-platform-tekerlekleri-tekerlegi-sag","title":{"rendered":"Haulotte 36&#215;14-20 Siyah Kau\u00e7uk Eklemli Platform Tekerlekleri Tekerle\u011fi Sa\u011f"},"content":{"rendered":"","protected":false},"excerpt":{"rendered":"<p>Haulotte 36&#215;14-20 siyah kau\u00e7uk eklemli platform tekerle\u011fi, d\u0131\u015f saha kullan\u0131m\u0131nda y\u00fcksek \u00e7eki\u015f g\u00fcc\u00fc ve darbelere kar\u015f\u0131 dayan\u0131kl\u0131l\u0131k sa\u011flar.<\/p>\n","protected":false},"featured_media":29461,"comment_status":"open","ping_status":"closed","template":"","meta":[],"product_brand":[78],"product_cat":[110,121,92,88],"product_tag":[],"class_list":{"0":"post-29150","1":"product","2":"type-product","3":"status-publish","4":"has-post-thumbnail","6":"product_brand-haulotte","7":"product_cat-36x14-20","8":"product_cat-dizel-eklemli-platform-tekerlegi","9":"product_cat-kaucuk-dolgu-tekerlekler","10":"product_cat-siyah","12":"first","13":"onbackorder","14":"sale","15":"taxable","16":"shipping-taxable","17":"purchasable","18":"product-type-simple"},"_links":{"self":[{"href":"https:\/\/platformlastik.com\/index.php?rest_route=\/wp\/v2\/product\/29150","targetHints":{"allow":["GET"]}}],"collection":[{"href":"https:\/\/platformlastik.com\/index.php?rest_route=\/wp\/v2\/product"}],"about":[{"href":"https:\/\/platformlastik.com\/index.php?rest_route=\/wp\/v2\/types\/product"}],"replies":[{"embeddable":true,"href":"https:\/\/platformlastik.com\/index.php?rest_route=%2Fwp%2Fv2%2Fcomments&post=29150"}],"version-history":[{"count":1,"href":"https:\/\/platformlastik.com\/index.php?rest_route=\/wp\/v2\/product\/29150\/revisions"}],"predecessor-version":[{"id":29206,"href":"https:\/\/platformlastik.com\/index.php?rest_route=\/wp\/v2\/product\/29150\/revisions\/29206"}],"wp:featuredmedia":[{"embeddable":true,"href":"https:\/\/platformlastik.com\/index.php?rest_route=\/wp\/v2\/media\/29461"}],"wp:attachment":[{"href":"https:\/\/platformlastik.com\/index.php?rest_route=%2Fwp%2Fv2%2Fmedia&parent=29150"}],"wp:term":[{"taxonomy":"product_brand","embeddable":true,"href":"https:\/\/platformlastik.com\/index.php?rest_route=%2Fwp%2Fv2%2Fproduct_brand&post=29150"},{"taxonomy":"product_cat","embeddable":true,"href":"https:\/\/platformlastik.com\/index.php?rest_route=%2Fwp%2Fv2%2Fproduct_cat&post=29150"},{"taxonomy":"product_tag","embeddable":true,"href":"https:\/\/platformlastik.com\/index.php?rest_route=%2Fwp%2Fv2%2Fproduct_tag&post=29150"}],"curies":[{"name":"wp","href":"https:\/\/api.w.org\/{rel}","templated":true}]}}